{"id":156,"date":"2023-12-01T15:40:03","date_gmt":"2023-12-01T14:40:03","guid":{"rendered":"http:\/\/larraitziparragirre.com\/?page_id=156"},"modified":"2024-01-24T21:00:51","modified_gmt":"2024-01-24T20:00:51","slug":"erakusketak","status":"publish","type":"page","link":"https:\/\/larraitziparragirre.com\/?page_id=156","title":{"rendered":"Erakusketak"},"content":{"rendered":"\n<p>Eskuragarri dauden lanen fitxa teknikoa:<\/p>\n\n\n\n<p><\/p>\n\n\n\n<figure class=\"wp-block-gallery has-nested-images columns-3 is-cropped wp-block-gallery-1 is-layout-flex wp-block-gallery-is-layout-flex\">\n<figure class=\"wp-block-image size-medium\"><img loading=\"lazy\" decoding=\"async\" width=\"300\" height=\"290\" data-id=\"159\" src=\"http:\/\/larraitziparragirre.com\/wp-content\/uploads\/2023\/12\/leihotik-I-20x20-1-300x290.jpeg\" alt=\"\" class=\"wp-image-159\" srcset=\"https:\/\/larraitziparragirre.com\/wp-content\/uploads\/2023\/12\/leihotik-I-20x20-1-300x290.jpeg 300w, https:\/\/larraitziparragirre.com\/wp-content\/uploads\/2023\/12\/leihotik-I-20x20-1-1024x989.jpeg 1024w, https:\/\/larraitziparragirre.com\/wp-content\/uploads\/2023\/12\/leihotik-I-20x20-1-768x741.jpeg 768w, https:\/\/larraitziparragirre.com\/wp-content\/uploads\/2023\/12\/leihotik-I-20x20-1-1536x1483.jpeg 1536w, https:\/\/larraitziparragirre.com\/wp-content\/uploads\/2023\/12\/leihotik-I-20x20-1-2048x1977.jpeg 2048w\" sizes=\"(max-width: 300px) 100vw, 300px\" \/><figcaption class=\"wp-element-caption\"><strong>Leihotik I<\/strong><br>20&#215;20 zm<br>Akrilikoa mihise gainean <br>100\u20ac<\/figcaption><\/figure>\n\n\n\n<figure class=\"wp-block-image size-medium\"><img loading=\"lazy\" decoding=\"async\" width=\"300\" height=\"294\" data-id=\"160\" src=\"http:\/\/larraitziparragirre.com\/wp-content\/uploads\/2023\/12\/leihotik-II-20x20-1-300x294.jpeg\" alt=\"\" class=\"wp-image-160\" srcset=\"https:\/\/larraitziparragirre.com\/wp-content\/uploads\/2023\/12\/leihotik-II-20x20-1-300x294.jpeg 300w, https:\/\/larraitziparragirre.com\/wp-content\/uploads\/2023\/12\/leihotik-II-20x20-1-1024x1005.jpeg 1024w, https:\/\/larraitziparragirre.com\/wp-content\/uploads\/2023\/12\/leihotik-II-20x20-1-768x753.jpeg 768w, https:\/\/larraitziparragirre.com\/wp-content\/uploads\/2023\/12\/leihotik-II-20x20-1-1536x1507.jpeg 1536w, https:\/\/larraitziparragirre.com\/wp-content\/uploads\/2023\/12\/leihotik-II-20x20-1-2048x2009.jpeg 2048w\" sizes=\"(max-width: 300px) 100vw, 300px\" \/><figcaption class=\"wp-element-caption\"><strong>Leihotik II<\/strong><br>20&#215;20<br>Akrilikoa mihise gainean <br>100\u20ac<\/figcaption><\/figure>\n\n\n\n<figure class=\"wp-block-image size-medium\"><img loading=\"lazy\" decoding=\"async\" width=\"212\" height=\"300\" data-id=\"161\" src=\"http:\/\/larraitziparragirre.com\/wp-content\/uploads\/2023\/12\/Haurrak-70x50-1-212x300.jpeg\" alt=\"\" class=\"wp-image-161\" srcset=\"https:\/\/larraitziparragirre.com\/wp-content\/uploads\/2023\/12\/Haurrak-70x50-1-212x300.jpeg 212w, https:\/\/larraitziparragirre.com\/wp-content\/uploads\/2023\/12\/Haurrak-70x50-1-725x1024.jpeg 725w, https:\/\/larraitziparragirre.com\/wp-content\/uploads\/2023\/12\/Haurrak-70x50-1-768x1085.jpeg 768w, https:\/\/larraitziparragirre.com\/wp-content\/uploads\/2023\/12\/Haurrak-70x50-1-1087x1536.jpeg 1087w, https:\/\/larraitziparragirre.com\/wp-content\/uploads\/2023\/12\/Haurrak-70x50-1-1449x2048.jpeg 1449w, https:\/\/larraitziparragirre.com\/wp-content\/uploads\/2023\/12\/Haurrak-70x50-1-scaled.jpeg 1812w\" sizes=\"(max-width: 212px) 100vw, 212px\" \/><figcaption class=\"wp-element-caption\"><strong>Haurrak<\/strong><br>70&#215;50<br>Akrilikoa mihise gainean <br>350\u20ac<\/figcaption><\/figure>\n\n\n\n<figure class=\"wp-block-image size-medium\"><img loading=\"lazy\" decoding=\"async\" width=\"300\" height=\"238\" data-id=\"162\" src=\"http:\/\/larraitziparragirre.com\/wp-content\/uploads\/2023\/12\/Jabalia-I-30x24-1-300x238.jpeg\" alt=\"\" class=\"wp-image-162\" srcset=\"https:\/\/larraitziparragirre.com\/wp-content\/uploads\/2023\/12\/Jabalia-I-30x24-1-300x238.jpeg 300w, https:\/\/larraitziparragirre.com\/wp-content\/uploads\/2023\/12\/Jabalia-I-30x24-1-1024x811.jpeg 1024w, https:\/\/larraitziparragirre.com\/wp-content\/uploads\/2023\/12\/Jabalia-I-30x24-1-768x608.jpeg 768w, https:\/\/larraitziparragirre.com\/wp-content\/uploads\/2023\/12\/Jabalia-I-30x24-1-1536x1216.jpeg 1536w, https:\/\/larraitziparragirre.com\/wp-content\/uploads\/2023\/12\/Jabalia-I-30x24-1-2048x1622.jpeg 2048w\" sizes=\"(max-width: 300px) 100vw, 300px\" \/><figcaption class=\"wp-element-caption\"><strong>Jabalia I<\/strong><br>30&#215;24<br>Akrilikoa mihise gainean <br>200\u20ac<\/figcaption><\/figure>\n\n\n\n<figure class=\"wp-block-image size-medium\"><img loading=\"lazy\" decoding=\"async\" width=\"233\" height=\"300\" data-id=\"163\" src=\"http:\/\/larraitziparragirre.com\/wp-content\/uploads\/2023\/12\/Jabalia-II-30x24-1-233x300.jpeg\" alt=\"\" class=\"wp-image-163\" srcset=\"https:\/\/larraitziparragirre.com\/wp-content\/uploads\/2023\/12\/Jabalia-II-30x24-1-233x300.jpeg 233w, https:\/\/larraitziparragirre.com\/wp-content\/uploads\/2023\/12\/Jabalia-II-30x24-1-795x1024.jpeg 795w, https:\/\/larraitziparragirre.com\/wp-content\/uploads\/2023\/12\/Jabalia-II-30x24-1-768x989.jpeg 768w, https:\/\/larraitziparragirre.com\/wp-content\/uploads\/2023\/12\/Jabalia-II-30x24-1-1193x1536.jpeg 1193w, https:\/\/larraitziparragirre.com\/wp-content\/uploads\/2023\/12\/Jabalia-II-30x24-1-1590x2048.jpeg 1590w, https:\/\/larraitziparragirre.com\/wp-content\/uploads\/2023\/12\/Jabalia-II-30x24-1-scaled.jpeg 1988w\" sizes=\"(max-width: 233px) 100vw, 233px\" \/><figcaption class=\"wp-element-caption\"><strong>Jabalia II<\/strong><br>30&#215;24<br>Akrilikoa mihise gainean <br>200\u20ac<\/figcaption><\/figure>\n\n\n\n<figure class=\"wp-block-image size-medium\"><img loading=\"lazy\" decoding=\"async\" width=\"215\" height=\"300\" data-id=\"164\" src=\"http:\/\/larraitziparragirre.com\/wp-content\/uploads\/2023\/12\/Gaza-70x50-1-215x300.jpeg\" alt=\"\" class=\"wp-image-164\" srcset=\"https:\/\/larraitziparragirre.com\/wp-content\/uploads\/2023\/12\/Gaza-70x50-1-215x300.jpeg 215w, https:\/\/larraitziparragirre.com\/wp-content\/uploads\/2023\/12\/Gaza-70x50-1-735x1024.jpeg 735w, https:\/\/larraitziparragirre.com\/wp-content\/uploads\/2023\/12\/Gaza-70x50-1-768x1070.jpeg 768w, https:\/\/larraitziparragirre.com\/wp-content\/uploads\/2023\/12\/Gaza-70x50-1-1102x1536.jpeg 1102w, https:\/\/larraitziparragirre.com\/wp-content\/uploads\/2023\/12\/Gaza-70x50-1-1470x2048.jpeg 1470w, https:\/\/larraitziparragirre.com\/wp-content\/uploads\/2023\/12\/Gaza-70x50-1-scaled.jpeg 1837w\" sizes=\"(max-width: 215px) 100vw, 215px\" \/><figcaption class=\"wp-element-caption\"><strong>Gaza<\/strong><br>70&#215;50<br>Akrilikoa mihise gainean <br>350\u20ac<\/figcaption><\/figure>\n\n\n\n<figure class=\"wp-block-image size-medium\"><img loading=\"lazy\" decoding=\"async\" width=\"225\" height=\"300\" data-id=\"220\" src=\"https:\/\/larraitziparragirre.com\/wp-content\/uploads\/2023\/12\/IMG_2839-225x300.jpg\" alt=\"\" class=\"wp-image-220\" srcset=\"https:\/\/larraitziparragirre.com\/wp-content\/uploads\/2023\/12\/IMG_2839-225x300.jpg 225w, https:\/\/larraitziparragirre.com\/wp-content\/uploads\/2023\/12\/IMG_2839-769x1024.jpg 769w, https:\/\/larraitziparragirre.com\/wp-content\/uploads\/2023\/12\/IMG_2839-768x1023.jpg 768w, https:\/\/larraitziparragirre.com\/wp-content\/uploads\/2023\/12\/IMG_2839-1154x1536.jpg 1154w, https:\/\/larraitziparragirre.com\/wp-content\/uploads\/2023\/12\/IMG_2839-1538x2048.jpg 1538w, https:\/\/larraitziparragirre.com\/wp-content\/uploads\/2023\/12\/IMG_2839-scaled.jpg 1923w\" sizes=\"(max-width: 225px) 100vw, 225px\" \/><figcaption class=\"wp-element-caption\"><strong>Etxetik I<\/strong><br>24&#215;18 <br>Akrilikoa mihise gainean <br>150\u20ac<\/figcaption><\/figure>\n\n\n\n<figure class=\"wp-block-image size-medium\"><img loading=\"lazy\" decoding=\"async\" width=\"224\" height=\"300\" data-id=\"219\" src=\"https:\/\/larraitziparragirre.com\/wp-content\/uploads\/2023\/12\/IMG_2840-224x300.jpg\" alt=\"\" class=\"wp-image-219\" srcset=\"https:\/\/larraitziparragirre.com\/wp-content\/uploads\/2023\/12\/IMG_2840-224x300.jpg 224w, https:\/\/larraitziparragirre.com\/wp-content\/uploads\/2023\/12\/IMG_2840-766x1024.jpg 766w, https:\/\/larraitziparragirre.com\/wp-content\/uploads\/2023\/12\/IMG_2840-768x1027.jpg 768w, https:\/\/larraitziparragirre.com\/wp-content\/uploads\/2023\/12\/IMG_2840-1149x1536.jpg 1149w, https:\/\/larraitziparragirre.com\/wp-content\/uploads\/2023\/12\/IMG_2840-1532x2048.jpg 1532w, https:\/\/larraitziparragirre.com\/wp-content\/uploads\/2023\/12\/IMG_2840-scaled.jpg 1915w\" sizes=\"(max-width: 224px) 100vw, 224px\" \/><figcaption class=\"wp-element-caption\"><strong>Etxetik II<\/strong><br>24&#215;18 <br>Akrilikoa mihise gainean <br>150\u20ac<\/figcaption><\/figure>\n\n\n\n<figure class=\"wp-block-image size-medium\"><img loading=\"lazy\" decoding=\"async\" width=\"300\" height=\"227\" data-id=\"222\" src=\"https:\/\/larraitziparragirre.com\/wp-content\/uploads\/2023\/12\/IMG_2842-300x227.jpg\" alt=\"\" class=\"wp-image-222\" srcset=\"https:\/\/larraitziparragirre.com\/wp-content\/uploads\/2023\/12\/IMG_2842-300x227.jpg 300w, https:\/\/larraitziparragirre.com\/wp-content\/uploads\/2023\/12\/IMG_2842-1024x775.jpg 1024w, https:\/\/larraitziparragirre.com\/wp-content\/uploads\/2023\/12\/IMG_2842-768x581.jpg 768w, https:\/\/larraitziparragirre.com\/wp-content\/uploads\/2023\/12\/IMG_2842-1536x1162.jpg 1536w, https:\/\/larraitziparragirre.com\/wp-content\/uploads\/2023\/12\/IMG_2842-2048x1549.jpg 2048w\" sizes=\"(max-width: 300px) 100vw, 300px\" \/><figcaption class=\"wp-element-caption\"><strong>Checkpoint<\/strong> <br>18&#215;24 <br>Akrilikoa mihise gainean <br>100\u20ac<\/figcaption><\/figure>\n\n\n\n<figure class=\"wp-block-image size-medium\"><img loading=\"lazy\" decoding=\"async\" width=\"215\" height=\"300\" data-id=\"223\" src=\"https:\/\/larraitziparragirre.com\/wp-content\/uploads\/2023\/12\/IMG_2846-215x300.jpg\" alt=\"\" class=\"wp-image-223\" srcset=\"https:\/\/larraitziparragirre.com\/wp-content\/uploads\/2023\/12\/IMG_2846-215x300.jpg 215w, https:\/\/larraitziparragirre.com\/wp-content\/uploads\/2023\/12\/IMG_2846-733x1024.jpg 733w, https:\/\/larraitziparragirre.com\/wp-content\/uploads\/2023\/12\/IMG_2846-768x1073.jpg 768w, https:\/\/larraitziparragirre.com\/wp-content\/uploads\/2023\/12\/IMG_2846-1099x1536.jpg 1099w, https:\/\/larraitziparragirre.com\/wp-content\/uploads\/2023\/12\/IMG_2846-1466x2048.jpg 1466w, https:\/\/larraitziparragirre.com\/wp-content\/uploads\/2023\/12\/IMG_2846-scaled.jpg 1832w\" sizes=\"(max-width: 215px) 100vw, 215px\" \/><figcaption class=\"wp-element-caption\"><strong>Libre <\/strong><br>70&#215;50 <br>Akrilikoa mihise gainean <br>300\u20ac<\/figcaption><\/figure>\n\n\n\n<figure class=\"wp-block-image size-medium\"><img loading=\"lazy\" decoding=\"async\" width=\"213\" height=\"300\" data-id=\"225\" src=\"https:\/\/larraitziparragirre.com\/wp-content\/uploads\/2023\/12\/IMG_2849-213x300.jpg\" alt=\"\" class=\"wp-image-225\" srcset=\"https:\/\/larraitziparragirre.com\/wp-content\/uploads\/2023\/12\/IMG_2849-213x300.jpg 213w, https:\/\/larraitziparragirre.com\/wp-content\/uploads\/2023\/12\/IMG_2849-728x1024.jpg 728w, https:\/\/larraitziparragirre.com\/wp-content\/uploads\/2023\/12\/IMG_2849-768x1080.jpg 768w, https:\/\/larraitziparragirre.com\/wp-content\/uploads\/2023\/12\/IMG_2849-1093x1536.jpg 1093w, https:\/\/larraitziparragirre.com\/wp-content\/uploads\/2023\/12\/IMG_2849-1457x2048.jpg 1457w, https:\/\/larraitziparragirre.com\/wp-content\/uploads\/2023\/12\/IMG_2849-scaled.jpg 1821w\" sizes=\"(max-width: 213px) 100vw, 213px\" \/><figcaption class=\"wp-element-caption\"><strong>Erro I<\/strong><br>70&#215;50 <br>Akrilikoa mihise gainean <br>250\u20ac<\/figcaption><\/figure>\n\n\n\n<figure class=\"wp-block-image size-medium\"><img loading=\"lazy\" decoding=\"async\" width=\"219\" height=\"300\" data-id=\"224\" src=\"https:\/\/larraitziparragirre.com\/wp-content\/uploads\/2023\/12\/IMG_2851-219x300.jpg\" alt=\"\" class=\"wp-image-224\" srcset=\"https:\/\/larraitziparragirre.com\/wp-content\/uploads\/2023\/12\/IMG_2851-219x300.jpg 219w, https:\/\/larraitziparragirre.com\/wp-content\/uploads\/2023\/12\/IMG_2851-746x1024.jpg 746w, https:\/\/larraitziparragirre.com\/wp-content\/uploads\/2023\/12\/IMG_2851-768x1054.jpg 768w, https:\/\/larraitziparragirre.com\/wp-content\/uploads\/2023\/12\/IMG_2851-1119x1536.jpg 1119w, https:\/\/larraitziparragirre.com\/wp-content\/uploads\/2023\/12\/IMG_2851-1492x2048.jpg 1492w, https:\/\/larraitziparragirre.com\/wp-content\/uploads\/2023\/12\/IMG_2851-scaled.jpg 1865w\" sizes=\"(max-width: 219px) 100vw, 219px\" \/><figcaption class=\"wp-element-caption\"><strong>Erro II <\/strong><br>70&#215;50 <br>Akrilikoa mihise gainean <br>300\u20ac<\/figcaption><\/figure>\n\n\n\n<figure class=\"wp-block-image size-medium is-style-default\"><img loading=\"lazy\" decoding=\"async\" width=\"210\" height=\"300\" data-id=\"226\" src=\"https:\/\/larraitziparragirre.com\/wp-content\/uploads\/2023\/12\/IMG_2845-210x300.jpg\" alt=\"\" class=\"wp-image-226\" srcset=\"https:\/\/larraitziparragirre.com\/wp-content\/uploads\/2023\/12\/IMG_2845-210x300.jpg 210w, https:\/\/larraitziparragirre.com\/wp-content\/uploads\/2023\/12\/IMG_2845-716x1024.jpg 716w, https:\/\/larraitziparragirre.com\/wp-content\/uploads\/2023\/12\/IMG_2845-768x1099.jpg 768w, https:\/\/larraitziparragirre.com\/wp-content\/uploads\/2023\/12\/IMG_2845-1074x1536.jpg 1074w, https:\/\/larraitziparragirre.com\/wp-content\/uploads\/2023\/12\/IMG_2845-1431x2048.jpg 1431w, https:\/\/larraitziparragirre.com\/wp-content\/uploads\/2023\/12\/IMG_2845-scaled.jpg 1789w\" sizes=\"(max-width: 210px) 100vw, 210px\" \/><figcaption class=\"wp-element-caption\"><strong>Erro III <\/strong><br>70&#215;50<br> Akrilikoa mihise gainean <br>250\u20ac<\/figcaption><\/figure>\n\n\n\n<figure class=\"wp-block-image size-medium\"><img loading=\"lazy\" decoding=\"async\" width=\"300\" height=\"300\" data-id=\"227\" src=\"https:\/\/larraitziparragirre.com\/wp-content\/uploads\/2023\/12\/IMG_20231203_144512-01-300x300.jpeg\" alt=\"\" class=\"wp-image-227\" srcset=\"https:\/\/larraitziparragirre.com\/wp-content\/uploads\/2023\/12\/IMG_20231203_144512-01-300x300.jpeg 300w, https:\/\/larraitziparragirre.com\/wp-content\/uploads\/2023\/12\/IMG_20231203_144512-01-1021x1024.jpeg 1021w, https:\/\/larraitziparragirre.com\/wp-content\/uploads\/2023\/12\/IMG_20231203_144512-01-150x150.jpeg 150w, https:\/\/larraitziparragirre.com\/wp-content\/uploads\/2023\/12\/IMG_20231203_144512-01-768x770.jpeg 768w, https:\/\/larraitziparragirre.com\/wp-content\/uploads\/2023\/12\/IMG_20231203_144512-01-1531x1536.jpeg 1531w, https:\/\/larraitziparragirre.com\/wp-content\/uploads\/2023\/12\/IMG_20231203_144512-01-2042x2048.jpeg 2042w\" sizes=\"(max-width: 300px) 100vw, 300px\" \/><figcaption class=\"wp-element-caption\"><strong>Ibaitik itsasora <\/strong><br>101&#215;101 <br>Akrilikoa mihise gainean <br>600\u20ac<\/figcaption><\/figure>\n<\/figure>\n\n\n\n<p><\/p>\n\n\n<div class=\"wp-block-image\">\n<figure class=\"aligncenter size-large\"><img loading=\"lazy\" decoding=\"async\" width=\"1024\" height=\"1024\" src=\"https:\/\/larraitziparragirre.com\/wp-content\/uploads\/2023\/12\/WhatsApp-Image-2023-11-16-at-05.46.29-1-1024x1024.jpeg\" alt=\"\" class=\"wp-image-202\" srcset=\"https:\/\/larraitziparragirre.com\/wp-content\/uploads\/2023\/12\/WhatsApp-Image-2023-11-16-at-05.46.29-1-1024x1024.jpeg 1024w, https:\/\/larraitziparragirre.com\/wp-content\/uploads\/2023\/12\/WhatsApp-Image-2023-11-16-at-05.46.29-1-300x300.jpeg 300w, https:\/\/larraitziparragirre.com\/wp-content\/uploads\/2023\/12\/WhatsApp-Image-2023-11-16-at-05.46.29-1-150x150.jpeg 150w, https:\/\/larraitziparragirre.com\/wp-content\/uploads\/2023\/12\/WhatsApp-Image-2023-11-16-at-05.46.29-1-768x768.jpeg 768w, https:\/\/larraitziparragirre.com\/wp-content\/uploads\/2023\/12\/WhatsApp-Image-2023-11-16-at-05.46.29-1-1536x1536.jpeg 1536w, https:\/\/larraitziparragirre.com\/wp-content\/uploads\/2023\/12\/WhatsApp-Image-2023-11-16-at-05.46.29-1.jpeg 1600w\" sizes=\"(max-width: 1024px) 100vw, 1024px\" \/><\/figure><\/div>\n\n<div class=\"wp-block-image\">\n<figure class=\"aligncenter size-large\"><img loading=\"lazy\" decoding=\"async\" width=\"663\" height=\"1024\" src=\"http:\/\/larraitziparragirre.com\/wp-content\/uploads\/2023\/12\/NO-PRECIO-FINAL-Catalogo-COLECCIONABLE-4-1-50-663x1024.jpg\" alt=\"\" class=\"wp-image-166\" srcset=\"https:\/\/larraitziparragirre.com\/wp-content\/uploads\/2023\/12\/NO-PRECIO-FINAL-Catalogo-COLECCIONABLE-4-1-50-663x1024.jpg 663w, https:\/\/larraitziparragirre.com\/wp-content\/uploads\/2023\/12\/NO-PRECIO-FINAL-Catalogo-COLECCIONABLE-4-1-50-194x300.jpg 194w, https:\/\/larraitziparragirre.com\/wp-content\/uploads\/2023\/12\/NO-PRECIO-FINAL-Catalogo-COLECCIONABLE-4-1-50-768x1186.jpg 768w, https:\/\/larraitziparragirre.com\/wp-content\/uploads\/2023\/12\/NO-PRECIO-FINAL-Catalogo-COLECCIONABLE-4-1-50-994x1536.jpg 994w, https:\/\/larraitziparragirre.com\/wp-content\/uploads\/2023\/12\/NO-PRECIO-FINAL-Catalogo-COLECCIONABLE-4-1-50-1326x2048.jpg 1326w, https:\/\/larraitziparragirre.com\/wp-content\/uploads\/2023\/12\/NO-PRECIO-FINAL-Catalogo-COLECCIONABLE-4-1-50-scaled.jpg 1657w\" sizes=\"(max-width: 663px) 100vw, 663px\" \/><\/figure><\/div>\n\n\n<p><br><strong>2014-15<\/strong> Eskultura. La Casa del Mango. Antigua Guatemala.<br><strong>2016<\/strong> Pintura. Erakusketa \u2013 subasta Meraki. Guatemala.<br><strong>2017<\/strong> Pintura. Erakusketa \u2013 subasta Meraki. Guatemala.<br><strong>2018<\/strong> Pintura. Banakako erakusketa Galer\u00eda Panza Verde. Antigua Guatemala.<br><strong>2019<\/strong> Pintura. \u201cLeku ez konbentzionalak arteaz gozatzeko\u201d proiektuaren baitan Ixkur ileapaindegia. Eskoriatza.<br><strong>2020<\/strong> Pintura. Galer\u00eda Rozas-Botr\u00e1n. Guatemala.<br><strong>2021<\/strong> Pintura. Erakusketa ibiltaria. Nueva York, Antigua Guatemala, Panajachel.<br><strong>2022<\/strong> Pintura. Erakusketa kolektiboa. Galer\u00eda Osmosis. Ciudad de Guatemala.<br>Pintura. Miniaturas erakusketa. Galer\u00eda Rozas-Botr\u00e1n. Guatemala.<br>Pintura. Quarentena galeria. Chile-M\u00e9xico.<br><strong>2023<\/strong> Pintura. Irati Topalekua. Arrasate. Euskal Herria.<\/p>\n","protected":false},"excerpt":{"rendered":"<p>Eskuragarri dauden lanen fitxa teknikoa: 2014-15 Eskultura. La Casa del Mango. Antigua Guatemala.2016 Pintura. Erakusketa \u2013 subasta Meraki. Guatemala.2017 Pintura. Erakusketa \u2013 subasta Meraki. Guatemala.2018 [&#8230;]<\/p>\n","protected":false},"author":1,"featured_media":0,"parent":0,"menu_order":0,"comment_status":"closed","ping_status":"closed","template":"","meta":{"footnotes":""},"_links":{"self":[{"href":"https:\/\/larraitziparragirre.com\/index.php?rest_route=\/wp\/v2\/pages\/156"}],"collection":[{"href":"https:\/\/larraitziparragirre.com\/index.php?rest_route=\/wp\/v2\/pages"}],"about":[{"href":"https:\/\/larraitziparragirre.com\/index.php?rest_route=\/wp\/v2\/types\/page"}],"author":[{"embeddable":true,"href":"https:\/\/larraitziparragirre.com\/index.php?rest_route=\/wp\/v2\/users\/1"}],"replies":[{"embeddable":true,"href":"https:\/\/larraitziparragirre.com\/index.php?rest_route=%2Fwp%2Fv2%2Fcomments&post=156"}],"version-history":[{"count":11,"href":"https:\/\/larraitziparragirre.com\/index.php?rest_route=\/wp\/v2\/pages\/156\/revisions"}],"predecessor-version":[{"id":234,"href":"https:\/\/larraitziparragirre.com\/index.php?rest_route=\/wp\/v2\/pages\/156\/revisions\/234"}],"wp:attachment":[{"href":"https:\/\/larraitziparragirre.com\/index.php?rest_route=%2Fwp%2Fv2%2Fmedia&parent=156"}],"curies":[{"name":"wp","href":"https:\/\/api.w.org\/{rel}","templated":true}]}}